{"id":889,"date":"2022-09-23T12:15:07","date_gmt":"2022-09-23T10:15:07","guid":{"rendered":"https:\/\/hotel-delamuse.com\/detente-et-bien-etre\/"},"modified":"2025-07-21T10:55:54","modified_gmt":"2025-07-21T08:55:54","slug":"well-being-and-rest","status":"publish","type":"page","link":"https:\/\/hotel-delamuse.com\/en\/well-being-and-rest\/","title":{"rendered":"Well-being &#038; rest"},"content":{"rendered":"<div class=\"wpb-content-wrapper\"><p>[vc_row full_width=&#8221;stretch_row_content&#8221; css=&#8221;.vc_custom_1627481226197{padding-right: 15px !important;padding-left: 15px !important;}&#8221;][vc_column width=&#8221;1\/4&#8243;][\/vc_column][vc_column width=&#8221;1\/2&#8243;]<div class=\"ult-spacer spacer-69d64a35693e7\" data-id=\"69d64a35693e7\" data-height=\"100\" data-height-mobile=\"50\" data-height-tab=\"\" data-height-tab-portrait=\"\" data-height-mobile-landscape=\"\" style=\"clear:both;display:block;\"><\/div>[vc_custom_heading text=&#8221;WELL-BEING &amp; REST&#8221; font_container=&#8221;tag:h1|text_align:center&#8221; use_theme_fonts=&#8221;yes&#8221;]<div class=\"ult-spacer spacer-69d64a3569414\" data-id=\"69d64a3569414\" data-height=\"20\" data-height-mobile=\"10\" data-height-tab=\"\" data-height-tab-portrait=\"\" data-height-mobile-landscape=\"\" style=\"clear:both;display:block;\"><\/div>[vc_custom_heading text=&#8221;4-star hotel at the foot of the Gorges du Tarn<br \/>\nwith restaurant, swimming pool and activities&#8221; font_container=&#8221;tag:h3|text_align:center&#8221; use_theme_fonts=&#8221;yes&#8221;]<div class=\"ult-spacer spacer-69d64a3569430\" data-id=\"69d64a3569430\" data-height=\"20\" data-height-mobile=\"10\" data-height-tab=\"\" data-height-tab-portrait=\"\" data-height-mobile-landscape=\"\" style=\"clear:both;display:block;\"><\/div>[vc_column_text]<\/p>\n<p style=\"text-align: center;\"><span style=\"text-align: justify;\">At the Hotel de la Muse, the atmosphere and the magic of the place lend themselves to well-being and relaxation.<br \/>\nThe ambient serenity, only disturbed by the gentle lapping of the river,<br \/>\nis a real invitation to disconnect and rest. <\/span><\/p>\n<p>[\/vc_column_text][\/vc_column][vc_column width=&#8221;1\/4&#8243;][\/vc_column][\/vc_row][vc_row full_width=&#8221;stretch_row_content&#8221; css=&#8221;.vc_custom_1643892996317{padding-right: 25px !important;padding-left: 25px !important;}&#8221;][vc_column width=&#8221;1\/3&#8243;]<div class=\"ult-spacer spacer-69d64a3569444\" data-id=\"69d64a3569444\" data-height=\"100\" data-height-mobile=\"50\" data-height-tab=\"\" data-height-tab-portrait=\"\" data-height-mobile-landscape=\"\" style=\"clear:both;display:block;\"><\/div>[vc_single_image image=&#8221;468&#8243; img_size=&#8221;1000&#215;1000&#8243; alignment=&#8221;center&#8221; css=&#8221;.vc_custom_1659703726521{margin-bottom: 0px !important;margin-left: 0px !important;padding-bottom: 0px !important;padding-left: 0px !important;}&#8221;]<div class=\"ult-spacer spacer-69d64a3569457\" data-id=\"69d64a3569457\" data-height=\"25\" data-height-mobile=\"25\" data-height-tab=\"25\" data-height-tab-portrait=\"\" data-height-mobile-landscape=\"\" style=\"clear:both;display:block;\"><\/div>[vc_custom_heading text=&#8221;The swimming pool&#8221; font_container=&#8221;tag:h3|text_align:left&#8221; use_theme_fonts=&#8221;yes&#8221;]<div class=\"ult-spacer spacer-69d64a356946a\" data-id=\"69d64a356946a\" data-height=\"10\" data-height-mobile=\"10\" data-height-tab=\"10\" data-height-tab-portrait=\"\" data-height-mobile-landscape=\"\" style=\"clear:both;display:block;\"><\/div>[vc_column_text css=&#8221;.vc_custom_1659703314516{margin-bottom: 0px !important;}&#8221;]The swimming pool, heated from 15 May to 15 September, overlooks the river. It is decorated with comfortable deckchairs that invite you to relax. Beach towels are available in your room.[\/vc_column_text]<div class=\"ult-spacer spacer-69d64a356947c\" data-id=\"69d64a356947c\" data-height=\"100\" data-height-mobile=\"50\" data-height-tab=\"\" data-height-tab-portrait=\"\" data-height-mobile-landscape=\"\" style=\"clear:both;display:block;\"><\/div>[\/vc_column][vc_column width=&#8221;1\/3&#8243;]<div class=\"ult-spacer spacer-69d64a356948e\" data-id=\"69d64a356948e\" data-height=\"100\" data-height-mobile=\"50\" data-height-tab=\"\" data-height-tab-portrait=\"\" data-height-mobile-landscape=\"\" style=\"clear:both;display:block;\"><\/div>[vc_single_image image=&#8221;460&#8243; img_size=&#8221;1000&#215;1000&#8243; alignment=&#8221;center&#8221; css=&#8221;.vc_custom_1661723254402{margin-bottom: 0px !important;margin-left: 0px !important;padding-bottom: 0px !important;padding-left: 0px !important;}&#8221;]<div class=\"ult-spacer spacer-69d64a356949f\" data-id=\"69d64a356949f\" data-height=\"25\" data-height-mobile=\"25\" data-height-tab=\"25\" data-height-tab-portrait=\"\" data-height-mobile-landscape=\"\" style=\"clear:both;display:block;\"><\/div>[vc_custom_heading text=&#8221;River and private beach&#8221; font_container=&#8221;tag:h3|text_align:left&#8221; use_theme_fonts=&#8221;yes&#8221;]<div class=\"ult-spacer spacer-69d64a35694b1\" data-id=\"69d64a35694b1\" data-height=\"10\" data-height-mobile=\"10\" data-height-tab=\"10\" data-height-tab-portrait=\"\" data-height-mobile-landscape=\"\" style=\"clear:both;display:block;\"><\/div>[vc_column_text css=&#8221;.vc_custom_1659703753742{margin-bottom: 0px !important;}&#8221;]Just a few steps from the pool, you will have direct access to the river from our private beach. In the shade of the large trees, you will be lulled by the gentle lapping of the Tarn. This clear river with its emerald reflections is a real invitation to swim.[\/vc_column_text]<div class=\"ult-spacer spacer-69d64a35694c4\" data-id=\"69d64a35694c4\" data-height=\"100\" data-height-mobile=\"50\" data-height-tab=\"\" data-height-tab-portrait=\"\" data-height-mobile-landscape=\"\" style=\"clear:both;display:block;\"><\/div>[\/vc_column][vc_column width=&#8221;1\/3&#8243;]<div class=\"ult-spacer spacer-69d64a35694d6\" data-id=\"69d64a35694d6\" data-height=\"100\" data-height-mobile=\"50\" data-height-tab=\"\" data-height-tab-portrait=\"\" data-height-mobile-landscape=\"\" style=\"clear:both;display:block;\"><\/div>[vc_single_image image=&#8221;536&#8243; img_size=&#8221;1000&#215;1000&#8243; alignment=&#8221;center&#8221; css=&#8221;.vc_custom_1659703818307{margin-right: 0px !important;margin-bottom: 0px !important;margin-left: 0px !important;padding-right: 0px !important;padding-bottom: 0px !important;padding-left: 0px !important;}&#8221;]<div class=\"ult-spacer spacer-69d64a35694e7\" data-id=\"69d64a35694e7\" data-height=\"25\" data-height-mobile=\"25\" data-height-tab=\"25\" data-height-tab-portrait=\"\" data-height-mobile-landscape=\"\" style=\"clear:both;display:block;\"><\/div>[vc_custom_heading text=&#8221;Fishing and canoeing&#8221; font_container=&#8221;tag:h3|text_align:left&#8221; use_theme_fonts=&#8221;yes&#8221;]<div class=\"ult-spacer spacer-69d64a35694f8\" data-id=\"69d64a35694f8\" data-height=\"10\" data-height-mobile=\"10\" data-height-tab=\"10\" data-height-tab-portrait=\"\" data-height-mobile-landscape=\"\" style=\"clear:both;display:block;\"><\/div>[vc_column_text css=&#8221;.vc_custom_1659703795224{margin-bottom: 0px !important;}&#8221;]Thanks to a canoe at your disposal, you can navigate on the river in front of the hotel, taking care not to stray too far, as you must go upstream to return! With your fishing license, you can also &#8220;tease&#8221; the trout directly from the banks of the hotel and take advantage of the quietness of daybreak to test a plethora of nymphs and flies.[\/vc_column_text]<div class=\"ult-spacer spacer-69d64a3569509\" data-id=\"69d64a3569509\" data-height=\"100\" data-height-mobile=\"50\" data-height-tab=\"\" data-height-tab-portrait=\"\" data-height-mobile-landscape=\"\" style=\"clear:both;display:block;\"><\/div>[\/vc_column][\/vc_row][vc_row full_width=&#8221;stretch_row_content&#8221; css=&#8221;.vc_custom_1643816619912{padding-right: 25px !important;padding-left: 25px !important;background-image: url(https:\/\/hotel-delamuse.com\/wp-content\/uploads\/2022\/02\/motif-hotel-de-la-muse-500.png?id=127) !important;}&#8221;][vc_column css=&#8221;.vc_custom_1627567481141{margin-right: 0px !important;margin-left: 0px !important;padding-right: 0px !important;padding-left: 0px !important;}&#8221;]<div class=\"ult-spacer spacer-69d64a356951a\" data-id=\"69d64a356951a\" data-height=\"120\" data-height-mobile=\"50\" data-height-tab=\"\" data-height-tab-portrait=\"\" data-height-mobile-landscape=\"\" style=\"clear:both;display:block;\"><\/div>[vc_row_inner][vc_column_inner width=&#8221;1\/6&#8243;][\/vc_column_inner][vc_column_inner width=&#8221;2\/3&#8243;][vc_column_text]<\/p>\n<p style=\"text-align: center;\">&#8220;In the fresh air, allowing our moods to flow, as well as our thoughts,<br \/>\nlike a breeze, ideas become lighter.<\/p>\n<p style=\"text-align: center;\">Fears are relieved. The senses are activated. \u201c<\/p>\n<p>[\/vc_column_text]<div class=\"ult-spacer spacer-69d64a356952b\" data-id=\"69d64a356952b\" data-height=\"25\" data-height-mobile=\"25\" data-height-tab=\"25\" data-height-tab-portrait=\"\" data-height-mobile-landscape=\"\" style=\"clear:both;display:block;\"><\/div>[vc_custom_heading text=&#8221;Aur\u00e9lie, Sylvoth\u00e9rapeute&#8221; font_container=&#8221;tag:h3|text_align:right&#8221; use_theme_fonts=&#8221;yes&#8221;][\/vc_column_inner][vc_column_inner width=&#8221;1\/6&#8243;][\/vc_column_inner][\/vc_row_inner]<div class=\"ult-spacer spacer-69d64a356953c\" data-id=\"69d64a356953c\" data-height=\"120\" data-height-mobile=\"50\" data-height-tab=\"\" data-height-tab-portrait=\"\" data-height-mobile-landscape=\"\" style=\"clear:both;display:block;\"><\/div>[\/vc_column][\/vc_row][vc_row full_width=&#8221;stretch_row_content&#8221; css=&#8221;.vc_custom_1627557418491{padding-right: 25px !important;padding-left: 25px !important;background-color: #f3eee8 !important;}&#8221;][vc_column width=&#8221;1\/12&#8243;][\/vc_column][vc_column width=&#8221;5\/12&#8243;]<div class=\"ult-spacer spacer-69d64a356954c\" data-id=\"69d64a356954c\" data-height=\"100\" data-height-mobile=\"50\" data-height-tab=\"\" data-height-tab-portrait=\"\" data-height-mobile-landscape=\"\" style=\"clear:both;display:block;\"><\/div>[vc_single_image image=&#8221;1142&#8243; img_size=&#8221;1000&#215;1000&#8243; alignment=&#8221;center&#8221; css=&#8221;.vc_custom_1687969195158{margin-bottom: 0px !important;margin-left: 0px !important;padding-bottom: 0px !important;padding-left: 0px !important;}&#8221;]<div class=\"ult-spacer spacer-69d64a356955a\" data-id=\"69d64a356955a\" data-height=\"25\" data-height-mobile=\"25\" data-height-tab=\"25\" data-height-tab-portrait=\"\" data-height-mobile-landscape=\"\" style=\"clear:both;display:block;\"><\/div>[vc_custom_heading text=&#8221;Yoga &amp; Relaxation massages&#8221; font_container=&#8221;tag:h3|text_align:left&#8221; use_theme_fonts=&#8221;yes&#8221;]<div class=\"ult-spacer spacer-69d64a3569569\" data-id=\"69d64a3569569\" data-height=\"10\" data-height-mobile=\"10\" data-height-tab=\"10\" data-height-tab-portrait=\"\" data-height-mobile-landscape=\"\" style=\"clear:both;display:block;\"><\/div>[vc_column_text css=&#8221;.vc_custom_1753088151532{margin-bottom: 0px !important;}&#8221;]To start the day with good energy, during July and August, a free yoga class will be offered 1 morning a week in the hotel gardens with Aur\u00e9lie.<\/p>\n<p>Meet Aur\u00e9lie on <strong>Sunday at 8:45 am<\/strong>, from July 13 to August 27.<\/p>\n<p>&nbsp;<\/p>\n<p>Want in depth relaxation? You can have a massage in our massage room where, in the hands of our experts, you will enjoy a Zen interlude.<\/p>\n<p>Do not hesitate to make an appointment before your stay:<br \/>\nBALINAIS and CALIFORNIAN MASSAGE<br \/>\n80 \u20ac per person (55 minutes)[\/vc_column_text]<div class=\"ult-spacer spacer-69d64a3569579\" data-id=\"69d64a3569579\" data-height=\"100\" data-height-mobile=\"50\" data-height-tab=\"\" data-height-tab-portrait=\"\" data-height-mobile-landscape=\"\" style=\"clear:both;display:block;\"><\/div>[\/vc_column][vc_column width=&#8221;5\/12&#8243;]<div class=\"ult-spacer spacer-69d64a356958a\" data-id=\"69d64a356958a\" data-height=\"100\" data-height-mobile=\"50\" data-height-tab=\"\" data-height-tab-portrait=\"\" data-height-mobile-landscape=\"\" style=\"clear:both;display:block;\"><\/div>[vc_single_image image=&#8221;358&#8243; img_size=&#8221;1000&#215;1000&#8243; alignment=&#8221;center&#8221; css=&#8221;.vc_custom_1661720984795{margin-right: 0px !important;margin-bottom: 0px !important;margin-left: 0px !important;padding-right: 0px !important;padding-bottom: 0px !important;padding-left: 0px !important;}&#8221;]<div class=\"ult-spacer spacer-69d64a3569599\" data-id=\"69d64a3569599\" data-height=\"25\" data-height-mobile=\"25\" data-height-tab=\"25\" data-height-tab-portrait=\"\" data-height-mobile-landscape=\"\" style=\"clear:both;display:block;\"><\/div>[vc_custom_heading text=&#8221;Meditation walks in the forest&#8221; font_container=&#8221;tag:h3|text_align:left&#8221; use_theme_fonts=&#8221;yes&#8221;]<div class=\"ult-spacer spacer-69d64a35695a8\" data-id=\"69d64a35695a8\" data-height=\"10\" data-height-mobile=\"10\" data-height-tab=\"10\" data-height-tab-portrait=\"\" data-height-mobile-landscape=\"\" style=\"clear:both;display:block;\"><\/div>[vc_column_text css=&#8221;.vc_custom_1753088111782{margin-bottom: 0px !important;}&#8221;]Aur\u00e9lie will also accompany you to the forest to practice meditative walking, which provides a beneficial combination of physical exercise and meditation. During this walk, known as the Afghani Walk, she also teaches the Sylvotherapy technique, which will help you discover how trees have a positive effect on the brain and well-being.<\/p>\n<p>Half-day rate (9:30-11:45) :<br \/>\nCouple: \u20ac45<br \/>\nFamily of 4 people: 64 \u20ac[\/vc_column_text]<div class=\"ult-spacer spacer-69d64a35695b6\" data-id=\"69d64a35695b6\" data-height=\"100\" data-height-mobile=\"50\" data-height-tab=\"\" data-height-tab-portrait=\"\" data-height-mobile-landscape=\"\" style=\"clear:both;display:block;\"><\/div>[\/vc_column][vc_column width=&#8221;1\/12&#8243;][\/vc_column][\/vc_row][vc_row full_width=&#8221;stretch_row_content&#8221; disable_element=&#8221;yes&#8221; css=&#8221;.vc_custom_1660054133206{margin-bottom: 0px !important;padding-bottom: 0px !important;background-color: #d7eadd !important;}&#8221;][vc_column width=&#8221;2\/3&#8243; css=&#8221;.vc_custom_1643895320561{margin-top: 0px !important;margin-right: 0px !important;margin-bottom: 0px !important;margin-left: 0px !important;border-bottom-width: 0px !important;padding-top: 0px !important;padding-right: 0px !important;padding-bottom: 0px !important;padding-left: 0px !important;}&#8221;][vc_single_image image=&#8221;386&#8243; img_size=&#8221;1800&#215;1000&#8243; alignment=&#8221;center&#8221; css=&#8221;.vc_custom_1655459757559{margin-top: 0px !important;margin-right: 0px !important;margin-bottom: 0px !important;margin-left: 0px !important;padding-top: 0px !important;padding-right: 0px !important;padding-bottom: 0px !important;padding-left: 0px !important;}&#8221;][\/vc_column][vc_column width=&#8221;1\/3&#8243; css=&#8221;.vc_custom_1627568609056{margin-right: 0px !important;margin-left: 0px !important;padding-top: 50px !important;padding-right: 25px !important;padding-bottom: 50px !important;padding-left: 25px !important;}&#8221;]<div class=\"ult-spacer spacer-69d64a35695c4\" data-id=\"69d64a35695c4\" data-height=\"25\" data-height-mobile=\"25\" data-height-tab=\"25\" data-height-tab-portrait=\"\" data-height-mobile-landscape=\"\" style=\"clear:both;display:block;\"><\/div>[vc_custom_heading text=&#8221;Direct booking&#8221; font_container=&#8221;tag:h3|text_align:left&#8221; use_theme_fonts=&#8221;yes&#8221;][vc_custom_heading text=&#8221;Avantages&#8221; font_container=&#8221;tag:h5|text_align:left&#8221; use_theme_fonts=&#8221;yes&#8221;]<div class=\"ult-spacer spacer-69d64a35695d1\" data-id=\"69d64a35695d1\" data-height=\"25\" data-height-mobile=\"25\" data-height-tab=\"25\" data-height-tab-portrait=\"\" data-height-mobile-landscape=\"\" style=\"clear:both;display:block;\"><\/div>[vc_column_text css=&#8221;.vc_custom_1643894982707{margin-bottom: 0px !important;}&#8221;]-12% sur votre h\u00e9bergement<\/p>\n<p>-20% sur votre petit d\u00e9jeuner buffet<\/p>\n<p>Forfaits exclusivement en direct<\/p>\n<p>Annulation plus flexible<\/p>\n<p>R\u00e9servations sans surprise<\/p>\n<p>S\u00e9jour adapt\u00e9 \u00e0 vos besoins[\/vc_column_text]<div class=\"ult-spacer spacer-69d64a35695de\" data-id=\"69d64a35695de\" data-height=\"10\" data-height-mobile=\"10\" data-height-tab=\"10\" data-height-tab-portrait=\"\" data-height-mobile-landscape=\"\" style=\"clear:both;display:block;\"><\/div><style type=\"text\/css\" data-type=\"the7_shortcodes-inline-css\">#default-btn-c13ea997defade9c9cf6ace982d86725.ico-right-side > i {\n  margin-right: 0px;\n  margin-left: 8px;\n}\n#default-btn-c13ea997defade9c9cf6ace982d86725 > i {\n  margin-right: 8px;\n}\n<\/style><a href=\"https:\/\/www.secure-hotel-booking.com\/smart\/Residence-Casarina\/JJBV\/fr\/\" class=\"default-btn-shortcode dt-btn dt-btn-m link-hover-off btn-inline-left \" target=\"_blank\" id=\"default-btn-c13ea997defade9c9cf6ace982d86725\" title=\"R\u00e9server en ligne\" rel=\"noopener\"><span>R\u00e9server<\/span><\/a><div class=\"ult-spacer spacer-69d64a35696b4\" data-id=\"69d64a35696b4\" data-height=\"20\" data-height-mobile=\"20\" data-height-tab=\"20\" data-height-tab-portrait=\"\" data-height-mobile-landscape=\"\" style=\"clear:both;display:block;\"><\/div>[\/vc_column][\/vc_row]<\/p>\n<\/div>","protected":false},"excerpt":{"rendered":"<p>[vc_row full_width=&#8221;stretch_row_content&#8221; css=&#8221;.vc_custom_1627481226197{padding-right: 15px !important;padding-left: 15px !important;}&#8221;][vc_column width=&#8221;1\/4&#8243;][\/vc_column][vc_column width=&#8221;1\/2&#8243;][vc_custom_heading text=&#8221;WELL-BEING &amp; REST&#8221; font_container=&#8221;tag:h1|text_align:center&#8221; use_theme_fonts=&#8221;yes&#8221;][vc_custom_heading text=&#8221;4-star hotel at the foot of the Gorges du Tarn with restaurant, swimming pool and activities&#8221; font_container=&#8221;tag:h3|text_align:center&#8221; use_theme_fonts=&#8221;yes&#8221;][vc_column_text] At the Hotel de la Muse, the atmosphere and the magic of the place lend themselves to well-being and relaxation. The ambient serenity,&hellip;<\/p>\n","protected":false},"author":1,"featured_media":0,"parent":0,"menu_order":40,"comment_status":"closed","ping_status":"closed","template":"","meta":{"footnotes":""},"class_list":["post-889","page","type-page","status-publish","hentry","description-off"],"aioseo_notices":[],"_links":{"self":[{"href":"https:\/\/hotel-delamuse.com\/en\/wp-json\/wp\/v2\/pages\/889","targetHints":{"allow":["GET"]}}],"collection":[{"href":"https:\/\/hotel-delamuse.com\/en\/wp-json\/wp\/v2\/pages"}],"about":[{"href":"https:\/\/hotel-delamuse.com\/en\/wp-json\/wp\/v2\/types\/page"}],"author":[{"embeddable":true,"href":"https:\/\/hotel-delamuse.com\/en\/wp-json\/wp\/v2\/users\/1"}],"replies":[{"embeddable":true,"href":"https:\/\/hotel-delamuse.com\/en\/wp-json\/wp\/v2\/comments?post=889"}],"version-history":[{"count":9,"href":"https:\/\/hotel-delamuse.com\/en\/wp-json\/wp\/v2\/pages\/889\/revisions"}],"predecessor-version":[{"id":1291,"href":"https:\/\/hotel-delamuse.com\/en\/wp-json\/wp\/v2\/pages\/889\/revisions\/1291"}],"wp:attachment":[{"href":"https:\/\/hotel-delamuse.com\/en\/wp-json\/wp\/v2\/media?parent=889"}],"curies":[{"name":"wp","href":"https:\/\/api.w.org\/{rel}","templated":true}]}}